{"id":38,"date":"2018-04-12T13:25:30","date_gmt":"2018-04-12T13:25:30","guid":{"rendered":"http:\/\/g-f-c.eu\/?page_id=38"},"modified":"2018-06-11T13:32:04","modified_gmt":"2018-06-11T11:32:04","slug":"datenschutzhinweis","status":"publish","type":"page","link":"https:\/\/g-f-c.eu\/en\/farm-consulting-made-in-germany\/datenschutzhinweis\/","title":{"rendered":"Privacy Policy"},"content":{"rendered":"<p><\/p>\n<div class=\"entry-content\"><span id=\"result_box\" class=\"\" lang=\"en\"><span title=\"Wir freuen uns \u00fcber Ihren Besuch auf unserer Internetseite und Ihr Interesse an den Informationen, die agri-network anbietet. \">We appreciate your visit to our website and your interest in the information that <strong>German Farm Consulting<\/strong> offers.<\/span><\/span><span title=\"Der Schutz und die Sicherheit der Daten unserer Kunden und Besucher sind uns wichtig.\">The protection and security of the data of our customers and visitors are important to us. <\/span><span title=\"Wir beachten das Gebot der Datensparsamkeit und erheben und verarbeiten beim Besuch unserer Webseite m\u00f6glichst wenige personenbezogene Daten.\">We respect the principle of data minimization and collect and process as few personal data as possible when visiting our website. <\/span><span title=\"Alle Daten werden im Rahmen der gesetzlichen Datenschutzbestimmungen gespeichert. \">All data is stored within the framework of the legal data protection regulations.<\/span><\/p>\n<p><span title=\"Die rechtlichen Grundlagen des Datenschutzes finden sich im Bundesdatenschutzgesetz (BDSG) und dem Telemediengesetz (TMG).\">The legal foundations of data protection can be found in the Federal Data Protection Act (BDSG) and the Telemedia Act (TMG). <\/span><span title=\"Wir haben technische und organisatorische Ma\u00dfnahmen getroffen, die sicherstellen, dass die Vorschriften \u00fcber den Datenschutz sowohl von uns als auch von externen Dienstleistern beachtet werden. \">We have taken technical and organizational measures to ensure that the rules on data protection are respected both by us and by external service providers.<br \/>\n<\/span><span title=\"Die folgende Erkl\u00e4rung zum Datenschutz erl\u00e4utert, welche Informationen wir w\u00e4hrend Ihres Besuchs auf unserer Webseite erfassen und welche Teile dieser Informationen gegebenenfalls auf welche Weise genutzt werden. \">The following privacy statement explains what information we collect during your visit to our website and what parts of that information may be used in what ways.<\/span><\/p>\n<p><span title=\"Anonymisierte Standarddaten zu statistischen Zwecken: \">Anonymized standard data for statistical purposes:<br \/>\n<\/span><span title=\"In Verbindung mit Ihrem Zugriff werden auf unseren Servern Daten f\u00fcr Sicherungszwecke gespeichert, die m\u00f6glicherweise eine Identifizierung zulassen (zum Beispiel IP-Adresse, Datum, Uhrzeit und betrachtete Seiten).\">In connection with your access, data is stored on our servers for backup purposes, which may allow identification (for example IP address, date, time and pages viewed). <\/span><span title=\"Es findet aber keine personenbezogene Verwertung statt.\">But there is no personal exploitation. <\/span><span title=\"F\u00fcr die statistische Auswertung werden nur anonymisierte Datens\u00e4tze verwendet. \">For the statistical evaluation only anonymized data sets are used.<\/span><\/p>\n<p><span title=\"Personenbezogene Daten: \">Personal data:<br \/>\n<\/span><span title=\"Personenbezogene Daten wie z.B.\">Personal data such as e.g. <\/span><span title=\"Name, Anschrift, Telefonnummer oder E-Mail-Adresse werden von uns nicht erfasst, es sei denn, diese Angaben werden von Ihnen freiwillig gemacht, z.B.\">Name, address, telephone number or e-mail address will not be recorded by us, unless this information is voluntarily provided by you, e.g. <\/span><span title=\"im Rahmen einer Kontaktaufnahme \u00fcber E-Mail oder einer Anmeldung zu einem Newsletter.\">in the context of a contact via e-mail or a subscription to a newsletter. <\/span><span title=\"Wir verwenden Ihre freiwillig angegebenen Daten ausschlie\u00dflich f\u00fcr den Zweck, zu dem Sie uns diese \u00fcberlassen haben.\">We use your voluntarily provided data solely for the purpose for which you have given us these. <\/span><span title=\"Diese Daten geben wir nicht an Dritte weiter. \">We do not share this data with third parties.<\/span><\/p>\n<p><span title=\"Ihre Einwilligung zur Speicherung der Daten, der Email-Adresse sowie deren Nutzung zum Versand des Newsletters k\u00f6nnen Sie jederzeit widerrufen.\">You can revoke your consent to the storage of the data, the e-mail address and their use for sending the newsletter at any time. <\/span><span title=\"Der Widerruf kann \u00fcber einen Link in den Newslettern selbst, in Ihrem Profilbereich oder per Mitteilung an die oben stehenden Kontaktm\u00f6glichkeiten erfolgen. \u00a0\">The revocation can be made via a link in the newsletters themselves, in your profile area or by notification to the above contact options.<\/span><\/p>\n<p><span title=\"Cookies: \">cookies:<br \/>\n<\/span><span title=\"Auf unserer Seite werden sogenannte Cookies verwendet.\">On our side so-called cookies are used. <\/span><span title=\"Hierbei handelt es sich um kleine Konfigurationsdateien, die die Steuerung Ihres Besuchs auf unserer Internetseite vereinfachen und beschleunigen.\">These are small configuration files that make it easier and faster to control your visit to our website. <\/span><span title=\"Sollten Sie die Verwendung der Cookies durch unsere Webseite auf ihrem Computer nicht w\u00fcnschen, so k\u00f6nnen Sie in Ihrer Browsereinstellung die Cookies deaktivieren und die Browsereinstellung w\u00e4hlen, dass Sie bei der Verwendung von Cookies auf einer Internetseite dar\u00fcber informiert werden. \">If you do not wish to use cookies on our computer through our website, you can deactivate cookies in your browser settings and select the browser setting that informs you when using cookies on a website.<\/span><\/p>\n<p><span title=\"Links zu anderen Websites: \">Links to other websites:<br \/>\n<\/span><span title=\"Rufen Sie eine externe Internetseite von unserer Seite auf (externer Link), wird der externe Anbieter m\u00f6glicherweise von Ihrem Browser die Information erhalten, von welcher unserer Internetseiten Sie zu ihm gekommen sind.\">If you call an external website from our site (external link), the external provider may receive information from your browser from which of our websites you have come to him. <\/span><span title=\"F\u00fcr diese Daten ist der externe Anbieter verantwortlich.\">The external provider is responsible for this data. <\/span><span title=\"Wir sind, wie jeder andere Anbieter von Internetseiten, nicht in der Lage diesen Vorgang zu beeinflussen. \">We are, like any other provider of websites, unable to influence this process.<\/span><\/p>\n<p><span title=\"Einbindung von Social Plugins: \">Integration of social plugins:<br \/>\n<\/span><span title=\"Auf unserer Webseite werden auch sogenannte Social Plugins f\u00fcr soziale Netzwerke wie facebook, twitter, xing u.weitere eingesetzt.\">On our website also so-called social plugins are used for social networks such as facebook, twitter, xing and others. <\/span><span title=\"\u00dcber diese Plugins werden unter Umst\u00e4nden Informationen, zu denen auch personenbezogene Daten geh\u00f6ren k\u00f6nnen, an die jeweiligen Dienstebetreiber gesendet und ggf. von diesen genutzt.\">These plug-ins may be used to send and possibly use information, including personal information, to the respective service providers. <\/span><span title=\"Wir verhindern die unbewusste und ungewollte Erfassung und \u00dcbertragung von Daten an die Diensteanbieter durch eine 2-Klick-L\u00f6sung.\">We prevent the unconscious and unwanted collection and transmission of data to the service providers through a 2-click solution. <\/span><span title=\"Um ein gew\u00fcnschtes plugin zu aktivieren, muss dieses erst durch Klick auf den entsprechenden Schalter aktiviert werden.\">To activate a desired plugin, it has to be activated by clicking on the corresponding button. <\/span><span title=\"Erst durch diese Aktivierung des plugins wird auch die Erfassung von Informationen und deren \u00dcbertragung an den Diensteanbieter ausgel\u00f6st.\">Only through this activation of the plugin is the detection of information and its transmission to the service provider triggered. <\/span><span title=\"Wir selbst erfassen selbst keine personenbezogenen Daten mittels der Social Plugins. \">We ourselves do not collect personal data by means of social plugins.<\/span><\/p>\n<p><span title=\"Durch zweifaches Anklicken der Social Plugin Buttons werden nach unserer Kenntnis direkte Verbindungen der jeweiligen Bestreiber des Sozialen Netzwerkes aufgebaut.\">By double click on the social plugin buttons we build up, to our knowledge, direct connections of the respective operators of the social network. <\/span><span title=\"Welche Daten hierbei von den jeweiligen Anbietern erfasst und verwendet werden, k\u00f6nnen wir nicht beeinflussen.\">We can not influence which data is collected and used by the respective providers. <\/span><span title=\"Diese Informationen entnehmen Sie bitte den Datenschutzhinweisen der jeweiligen Betreiber der sozialen Netzwerke auf deren Webseiten. \">This information can be found in the privacy policy of the respective operator of the social networks on their websites.<\/span><\/p>\n<p><span title=\"Werbung von Dritten auf unseren Webseiten: \">Advertising from third parties on our websites:<br \/>\n<\/span><span title=\"Bei Einblendung von Bannern, Buttons, Pop-Up Fenstern oder \u00e4hnlichen Werbemitteln werden keine pers\u00f6nlichen Nutzerdaten wie Name, Adresse, Telefonnummer oder Email-Adresse gesammelt.\">When banners, buttons, pop-up windows or similar advertising material are displayed, personal user data such as name, address, telephone number or e-mail address are not collected. <\/span><span title=\"Es werden lediglich anonyme Userdaten (Betriebssystem, Browserversion etc.) zu statistischen Zwecken erfasst. \">Only anonymous user data (operating system, browser version, etc.) are collected for statistical purposes.<\/span><\/p>\n<p><span id=\"result_box\" class=\"\" lang=\"en\">Integration of services and content of third parties:<br \/>\nIt may happen that contents of third parties are incorporated by other websites within this online offer. This always presupposes that the providers of this content perceive the IP address of the users. Because without the IP address, they could not send the content to the browser of each user. The IP address is therefore required for the presentation of this content. We endeavor to use only content whose respective providers use the IP address solely for the delivery of the content. However, we do not have any influence on this if the third parties provide the IP address e.g. save for statistical purposes.<\/span><\/p>\n<p>Right to information<\/p>\n<p><span class=\"\">If you have further questions about the data collected by us, please do not hesitate to contact us.<\/span> <span class=\"\">The contact details can be found in our imprint.<\/span> <span class=\"\">Of course, in this context we also fulfill your right to free information.<\/span><\/p>\n<\/div>\n<p><\/p>\n<div class=\"twoclick_social_bookmarks_post_38 social_share_privacy clearfix 1.6.4 locale-en_US sprite-en_US\"><\/div><div class=\"twoclick-js\"><script type=\"text\/javascript\">\/* <![CDATA[ *\/\njQuery(document).ready(function($){if($('.twoclick_social_bookmarks_post_38')){$('.twoclick_social_bookmarks_post_38').socialSharePrivacy({\"services\":{\"facebook\":{\"status\":\"on\",\"txt_info\":\"2 Klicks f\\u00fcr mehr Datenschutz: Erst wenn Sie hier klicken, wird der Button aktiv und Sie k\\u00f6nnen Ihre Empfehlung an Facebook senden. Schon beim Aktivieren werden Daten an Dritte \\u00fcbertragen - siehe <em>i<\\\/em>.\",\"perma_option\":\"off\",\"action\":\"recommend\",\"language\":\"en_US\"},\"twitter\":{\"reply_to\":\"\",\"tweet_text\":\"Privacy%20Policy%20%C2%BB%20G-F-C\",\"status\":\"on\",\"txt_info\":\"2 Klicks f\\u00fcr mehr Datenschutz: Erst wenn Sie hier klicken, wird der Button aktiv und Sie k\\u00f6nnen Ihre Empfehlung an Twitter senden. Schon beim Aktivieren werden Daten an Dritte \\u00fcbertragen - siehe <em>i<\\\/em>.\",\"perma_option\":\"off\",\"language\":\"en\",\"referrer_track\":\"\"},\"xing\":{\"status\":\"on\",\"txt_info\":\"2 Klicks f\\u00fcr mehr Datenschutz: Erst wenn Sie hier klicken, wird der Button aktiv und Sie k\\u00f6nnen Ihre Empfehlung an Xing senden. Schon beim Aktivieren werden Daten an Dritte \\u00fcbertragen - siehe <em>i<\\\/em>.\",\"perma_option\":\"off\",\"language\":\"en\",\"referrer_track\":\"\"},\"linkedin\":{\"status\":\"on\",\"txt_info\":\"2 Klicks f\\u00fcr mehr Datenschutz: Erst wenn Sie hier klicken, wird der Button aktiv und Sie k\\u00f6nnen Ihre Empfehlung an LinkedIn senden. Schon beim Aktivieren werden Daten an Dritte \\u00fcbertragen - siehe <em>i<\\\/em>.\",\"perma_option\":\"off\"}},\"txt_help\":\"Wenn Sie diese Felder durch einen Klick aktivieren, werden Informationen an Facebook, Twitter, Flattr, Xing, t3n, LinkedIn, Pinterest oder Google eventuell ins Ausland \\u00fcbertragen und unter Umst\\u00e4nden auch dort gespeichert. N\\u00e4heres erfahren Sie durch einen Klick auf das <em>i<\\\/em>.\",\"settings_perma\":\"Dauerhaft aktivieren und Daten\\u00fcber-tragung zustimmen:\",\"info_link\":\"http:\\\/\\\/www.heise.de\\\/ct\\\/artikel\\\/2-Klicks-fuer-mehr-Datenschutz-1333879.html\",\"uri\":\"https:\\\/\\\/g-f-c.eu\\\/en\\\/farm-consulting-made-in-germany\\\/datenschutzhinweis\\\/\",\"post_id\":38,\"post_title_referrer_track\":\"Privacy+Policy\",\"display_infobox\":\"on\"});}});\n\/* ]]> *\/<\/script><\/div>","protected":false},"excerpt":{"rendered":"<p>We appreciate your visit to our website and your interest in the information that German Farm Consulting offers.The protection and security of the data of our customers and visitors are important to us. We respect the principle of data minimization and collect and process as few personal data as possible when visiting our website. All &hellip; <\/p>\n<p class=\"link-more\"><a href=\"https:\/\/g-f-c.eu\/en\/farm-consulting-made-in-germany\/datenschutzhinweis\/\" class=\"more-link\">Continue reading<span class=\"screen-reader-text\"> &#8220;Privacy Policy&#8221;<\/span><\/a><\/p>\n","protected":false},"author":1,"featured_media":0,"parent":19,"menu_order":0,"comment_status":"closed","ping_status":"closed","template":"","meta":{"footnotes":""},"class_list":["post-38","page","type-page","status-publish","hentry"],"yoast_head":"<!-- This site is optimized with the Yoast SEO plugin v25.4 - https:\/\/yoast.com\/wordpress\/plugins\/seo\/ -->\n<title>Privacy Policy - G-F-C<\/title>\n<meta name=\"robots\" content=\"index, follow, max-snippet:-1, max-image-preview:large, max-video-preview:-1\" \/>\n<link rel=\"canonical\" href=\"https:\/\/g-f-c.eu\/farm-consulting-made-in-germany\/datenschutzhinweis\/\" \/>\n<meta property=\"og:locale\" content=\"en_US\" \/>\n<meta property=\"og:type\" content=\"article\" \/>\n<meta property=\"og:title\" content=\"Privacy Policy - G-F-C\" \/>\n<meta property=\"og:description\" content=\"We appreciate your visit to our website and your interest in the information that German Farm Consulting offers.The protection and security of the data of our customers and visitors are important to us. We respect the principle of data minimization and collect and process as few personal data as possible when visiting our website. All &hellip; Continue reading &quot;Privacy Policy&quot;\" \/>\n<meta property=\"og:url\" content=\"https:\/\/g-f-c.eu\/farm-consulting-made-in-germany\/datenschutzhinweis\/\" \/>\n<meta property=\"og:site_name\" content=\"G-F-C\" \/>\n<meta property=\"article:modified_time\" content=\"2018-06-11T11:32:04+00:00\" \/>\n<meta name=\"twitter:card\" content=\"summary_large_image\" \/>\n<meta name=\"twitter:label1\" content=\"Est. reading time\" \/>\n\t<meta name=\"twitter:data1\" content=\"11 minutes\" \/>\n<script type=\"application\/ld+json\" class=\"yoast-schema-graph\">{\"@context\":\"https:\/\/schema.org\",\"@graph\":[{\"@type\":\"WebPage\",\"@id\":\"https:\/\/g-f-c.eu\/farm-consulting-made-in-germany\/datenschutzhinweis\/\",\"url\":\"https:\/\/g-f-c.eu\/farm-consulting-made-in-germany\/datenschutzhinweis\/\",\"name\":\"Privacy Policy - G-F-C\",\"isPartOf\":{\"@id\":\"https:\/\/g-f-c.eu\/#website\"},\"datePublished\":\"2018-04-12T13:25:30+00:00\",\"dateModified\":\"2018-06-11T11:32:04+00:00\",\"breadcrumb\":{\"@id\":\"https:\/\/g-f-c.eu\/farm-consulting-made-in-germany\/datenschutzhinweis\/#breadcrumb\"},\"inLanguage\":\"en-US\",\"potentialAction\":[{\"@type\":\"ReadAction\",\"target\":[\"https:\/\/g-f-c.eu\/farm-consulting-made-in-germany\/datenschutzhinweis\/\"]}]},{\"@type\":\"BreadcrumbList\",\"@id\":\"https:\/\/g-f-c.eu\/farm-consulting-made-in-germany\/datenschutzhinweis\/#breadcrumb\",\"itemListElement\":[{\"@type\":\"ListItem\",\"position\":1,\"name\":\"Startseite\",\"item\":\"https:\/\/g-f-c.eu\/\"},{\"@type\":\"ListItem\",\"position\":2,\"name\":\"Farm consulting made in Germany\",\"item\":\"https:\/\/g-f-c.eu\/\"},{\"@type\":\"ListItem\",\"position\":3,\"name\":\"Datenschutzhinweis\"}]},{\"@type\":\"WebSite\",\"@id\":\"https:\/\/g-f-c.eu\/#website\",\"url\":\"https:\/\/g-f-c.eu\/\",\"name\":\"G-F-C\",\"description\":\"made in Germany\",\"publisher\":{\"@id\":\"https:\/\/g-f-c.eu\/#organization\"},\"potentialAction\":[{\"@type\":\"SearchAction\",\"target\":{\"@type\":\"EntryPoint\",\"urlTemplate\":\"https:\/\/g-f-c.eu\/?s={search_term_string}\"},\"query-input\":{\"@type\":\"PropertyValueSpecification\",\"valueRequired\":true,\"valueName\":\"search_term_string\"}}],\"inLanguage\":\"en-US\"},{\"@type\":\"Organization\",\"@id\":\"https:\/\/g-f-c.eu\/#organization\",\"name\":\"G-F-C\",\"url\":\"https:\/\/g-f-c.eu\/\",\"logo\":{\"@type\":\"ImageObject\",\"inLanguage\":\"en-US\",\"@id\":\"https:\/\/g-f-c.eu\/#\/schema\/logo\/image\/\",\"url\":\"https:\/\/g-f-c.eu\/wp-content\/uploads\/2018\/04\/cropped-GFC-Logo-2.png\",\"contentUrl\":\"https:\/\/g-f-c.eu\/wp-content\/uploads\/2018\/04\/cropped-GFC-Logo-2.png\",\"width\":1238,\"height\":250,\"caption\":\"G-F-C\"},\"image\":{\"@id\":\"https:\/\/g-f-c.eu\/#\/schema\/logo\/image\/\"}}]}<\/script>\n<!-- \/ Yoast SEO plugin. -->","yoast_head_json":{"title":"Privacy Policy - G-F-C","robots":{"index":"index","follow":"follow","max-snippet":"max-snippet:-1","max-image-preview":"max-image-preview:large","max-video-preview":"max-video-preview:-1"},"canonical":"https:\/\/g-f-c.eu\/farm-consulting-made-in-germany\/datenschutzhinweis\/","og_locale":"en_US","og_type":"article","og_title":"Privacy Policy - G-F-C","og_description":"We appreciate your visit to our website and your interest in the information that German Farm Consulting offers.The protection and security of the data of our customers and visitors are important to us. We respect the principle of data minimization and collect and process as few personal data as possible when visiting our website. All &hellip; Continue reading \"Privacy Policy\"","og_url":"https:\/\/g-f-c.eu\/farm-consulting-made-in-germany\/datenschutzhinweis\/","og_site_name":"G-F-C","article_modified_time":"2018-06-11T11:32:04+00:00","twitter_card":"summary_large_image","twitter_misc":{"Est. reading time":"11 minutes"},"schema":{"@context":"https:\/\/schema.org","@graph":[{"@type":"WebPage","@id":"https:\/\/g-f-c.eu\/farm-consulting-made-in-germany\/datenschutzhinweis\/","url":"https:\/\/g-f-c.eu\/farm-consulting-made-in-germany\/datenschutzhinweis\/","name":"Privacy Policy - G-F-C","isPartOf":{"@id":"https:\/\/g-f-c.eu\/#website"},"datePublished":"2018-04-12T13:25:30+00:00","dateModified":"2018-06-11T11:32:04+00:00","breadcrumb":{"@id":"https:\/\/g-f-c.eu\/farm-consulting-made-in-germany\/datenschutzhinweis\/#breadcrumb"},"inLanguage":"en-US","potentialAction":[{"@type":"ReadAction","target":["https:\/\/g-f-c.eu\/farm-consulting-made-in-germany\/datenschutzhinweis\/"]}]},{"@type":"BreadcrumbList","@id":"https:\/\/g-f-c.eu\/farm-consulting-made-in-germany\/datenschutzhinweis\/#breadcrumb","itemListElement":[{"@type":"ListItem","position":1,"name":"Startseite","item":"https:\/\/g-f-c.eu\/"},{"@type":"ListItem","position":2,"name":"Farm consulting made in Germany","item":"https:\/\/g-f-c.eu\/"},{"@type":"ListItem","position":3,"name":"Datenschutzhinweis"}]},{"@type":"WebSite","@id":"https:\/\/g-f-c.eu\/#website","url":"https:\/\/g-f-c.eu\/","name":"G-F-C","description":"made in Germany","publisher":{"@id":"https:\/\/g-f-c.eu\/#organization"},"potentialAction":[{"@type":"SearchAction","target":{"@type":"EntryPoint","urlTemplate":"https:\/\/g-f-c.eu\/?s={search_term_string}"},"query-input":{"@type":"PropertyValueSpecification","valueRequired":true,"valueName":"search_term_string"}}],"inLanguage":"en-US"},{"@type":"Organization","@id":"https:\/\/g-f-c.eu\/#organization","name":"G-F-C","url":"https:\/\/g-f-c.eu\/","logo":{"@type":"ImageObject","inLanguage":"en-US","@id":"https:\/\/g-f-c.eu\/#\/schema\/logo\/image\/","url":"https:\/\/g-f-c.eu\/wp-content\/uploads\/2018\/04\/cropped-GFC-Logo-2.png","contentUrl":"https:\/\/g-f-c.eu\/wp-content\/uploads\/2018\/04\/cropped-GFC-Logo-2.png","width":1238,"height":250,"caption":"G-F-C"},"image":{"@id":"https:\/\/g-f-c.eu\/#\/schema\/logo\/image\/"}}]}},"_links":{"self":[{"href":"https:\/\/g-f-c.eu\/en\/wp-json\/wp\/v2\/pages\/38","targetHints":{"allow":["GET"]}}],"collection":[{"href":"https:\/\/g-f-c.eu\/en\/wp-json\/wp\/v2\/pages"}],"about":[{"href":"https:\/\/g-f-c.eu\/en\/wp-json\/wp\/v2\/types\/page"}],"author":[{"embeddable":true,"href":"https:\/\/g-f-c.eu\/en\/wp-json\/wp\/v2\/users\/1"}],"replies":[{"embeddable":true,"href":"https:\/\/g-f-c.eu\/en\/wp-json\/wp\/v2\/comments?post=38"}],"version-history":[{"count":3,"href":"https:\/\/g-f-c.eu\/en\/wp-json\/wp\/v2\/pages\/38\/revisions"}],"predecessor-version":[{"id":91,"href":"https:\/\/g-f-c.eu\/en\/wp-json\/wp\/v2\/pages\/38\/revisions\/91"}],"up":[{"embeddable":true,"href":"https:\/\/g-f-c.eu\/en\/wp-json\/wp\/v2\/pages\/19"}],"wp:attachment":[{"href":"https:\/\/g-f-c.eu\/en\/wp-json\/wp\/v2\/media?parent=38"}],"curies":[{"name":"wp","href":"https:\/\/api.w.org\/{rel}","templated":true}]}}