{"id":45,"date":"2018-04-25T13:25:46","date_gmt":"2018-04-25T13:25:46","guid":{"rendered":"http:\/\/g-f-c.eu\/?page_id=45"},"modified":"2025-07-14T10:44:37","modified_gmt":"2025-07-14T08:44:37","slug":"impressum","status":"publish","type":"page","link":"https:\/\/g-f-c.eu\/en\/farm-consulting-made-in-germany\/impressum\/","title":{"rendered":"Imprint"},"content":{"rendered":"<p><strong>This page is presented from:<\/strong><\/p>\n<p>German Farm Consulting GmbH &amp; Co. KG<\/p>\n<table border=\"1\" frame=\"void\" rules=\"none\" cellspacing=\"0\" cellpadding=\"0\">\n<tbody>\n<tr>\n<td valign=\"top\" width=\"217\"><\/td>\n<td valign=\"top\" width=\"217\"><\/td>\n<\/tr>\n<tr>\n<td valign=\"top\" width=\"217\">M\u00fchlenberg 6<\/td>\n<td valign=\"top\" width=\"217\"><\/td>\n<\/tr>\n<tr>\n<td valign=\"top\" width=\"217\">D-24857 Fahrdorf<\/td>\n<td valign=\"top\" width=\"217\"><\/td>\n<\/tr>\n<tr>\n<td valign=\"top\" width=\"217\"><\/td>\n<td valign=\"top\" width=\"217\"><\/td>\n<\/tr>\n<tr>\n<td valign=\"top\" width=\"217\">T +49 (0) 4621 36525<\/td>\n<td valign=\"top\" width=\"217\"><\/td>\n<\/tr>\n<tr>\n<td valign=\"top\" width=\"217\">F +49 (0) 4621 37985<\/p>\n<p>M +49 (0) 178 218 00 55<\/td>\n<td valign=\"top\" width=\"217\"><\/td>\n<\/tr>\n<tr>\n<td valign=\"top\" width=\"217\"><\/td>\n<td valign=\"top\" width=\"217\"><\/td>\n<\/tr>\n<\/tbody>\n<\/table>\n<p>corporate form:<\/p>\n<p>GmbH &amp; Co. KG (Kommanditgesellschaft)<br \/>\nAmtsgericht Flensburg: HRa 5236 FL<br \/>\nUmsatzidentifikationsnummer: DE247933619<br \/>\nPers\u00f6nlich haftende Gesellschafterin:<br \/>\nBusiness Concepts Verwaltungs GmbH<\/p>\n<p>Informationen to Business Concepts Verwaltungs GmbH:<br \/>\nCEO:<br \/>\nDr. sc. agr. Ulrich Presuhn<br \/>\nSeat: Nehmten<br \/>\nAmtsgericht Kiel: HRB 27563 KI<\/p>\n<p><span id=\"result_box\" class=\"\" lang=\"en\"><span class=\"\">Responsible for the content of this page is Dr.\u00a0<\/span> Ulrich Presuhn<\/span><\/p>\n<p><span class=\"\">Basis for our business activities are always our terms and conditions in the current version!<\/span><\/p>\n<p><span class=\"\">The copyright on the website, graphics and photos is owned by German Farm Consulting or is shown separately.<\/span><br \/>\n<span class=\"\">For the correctness and topicality of the information no responsibility is taken;<\/span> the visit of our sides takes place on own risk of the user. Please also note our privacy policy. Further information on links can be found in the following explanations:<\/p>\n<p><span id=\"result_box\" class=\"\" lang=\"en\"><span title=\"German Farm Consulting GmbH &amp; Co. KG pr\u00fcft und aktualisiert die Informationen auf dieser Webseite st\u00e4ndig.\">German Farm Consulting GmbH &amp; Co. KG constantly checks and updates the information on this website. <\/span><span title=\"Trotz aller Sorgfalt k\u00f6nnen sich die Daten inzwischen ver\u00e4ndert haben.\">Despite all the care, the data may have changed in the meantime. <\/span><span title=\"Eine Haftung oder Garantie f\u00fcr die Aktualit\u00e4t, Richtigkeit und Vollst\u00e4ndigkeit der zur Verf\u00fcgung gestellten Informationen kann daher nicht \u00fcbernommen werden.\">A liability or guarantee for the topicality, correctness and completeness of the information provided can therefore not be assumed. <\/span><span title=\"Grunds\u00e4tzlich haben wir uns bem\u00fcht, auf unserer Homepage nur Materialien zu verwenden, die nicht zugunsten Dritter copyrightgesch\u00fctzt sind, es sei denn, wir haben die Genehmigung des Copyright-Inhabers.\">Basically, we have endeavored to use on our website only materials that are not copyrighted in favor of third parties, unless we have the permission of the copyright holder. <\/span><span title=\"Sollte jemand Material auf unserer Homepage entdecken, das einem Copyright Dritter unterliegt, bitten wir um entsprechende Hinweise.\">Should anyone discover material on our homepage, which is subject to a third party copyright, we ask for appropriate information. <\/span><span title=\"Wir werden dieses Material umgehend vom Server l\u00f6schen bzw. uns um das Copyright k\u00fcmmern. \">We will delete this material immediately from the server or take care of the copyright.<br \/>\n<\/span><span title=\"Sollten Ihnen Fehler auffallen w\u00fcrden wir uns \u00fcber einen Hinweis von Ihnen freuen. \">If you notice any mistakes we would be pleased to hear from you.<br \/>\n<\/span><span title=\"Keine Abmahnung ohne vorherigen Kontakt! \"><strong>No warning without previous contact!<\/strong><br \/>\n<\/span><span title=\"Werden von Ihnen jedoch ohne vorherige Kontaktaufnahme Kosten ausgel\u00f6st, so werden wir diese vollumf\u00e4nglich zur\u00fcckweisen und gegebenenfalls Gegenklage wegen Verletzung vorgenannter Bestimmungen einreichen. \">However, if you incur costs without prior contact, we will reject them in full and, if necessary, file counterclaim for breach of the aforementioned conditions.<br \/>\n<\/span><span title=\"Es gilt ausschlie\u00dflich das ma\u00dfgebliche Recht der Bundesrepublik Deutschland.\">It is only the relevant laws of the Federal Republic of Germany. <\/span><span title=\"Gerichtsstand ist Schleswig (SH). \">Jurisdiction is Schleswig (SH).<br \/>\n<\/span><span title=\"Auf unseren Internet-Seiten finden Sie auch Links zu anderen Seiten im Internet.\">On our Internet pages you will also find links to other sites on the Internet. <\/span><span title=\"Wir m\u00f6chten Sie darauf hinweisen, dass wir keinen Einfluss auf die Gestaltung und den Inhalt der Seiten haben, auf die verlinkt wird.\">We would like to point out that we have no influence on the design and content of the linked sites. <\/span><span title=\"Wir k\u00f6nnen daher auch keine Gew\u00e4hr f\u00fcr die Aktualit\u00e4t, Korrektheit, Vollst\u00e4ndigkeit oder Qualit\u00e4t der dort bereitgestellten Informationen \u00fcbernehmen.\">Therefore, we can not guarantee the topicality, correctness, completeness or quality of the information provided there. <\/span><span title=\"Vor diesem Hintergrund distanzieren wir uns hiermit von allen Inhalten dieser Seiten.\">Against this background, we dissociate ourselves from all contents of these pages. <\/span><span title=\"Diese Erkl\u00e4rung gilt f\u00fcr alle auf unseren Internet-Seiten enthaltenen Links zu externen Seiten und deren Inhalte\">This declaration applies to all links to external pages and their contents contained on our Internet pages<\/span><\/span><\/p>\n<div class=\"twoclick_social_bookmarks_post_45 social_share_privacy clearfix 1.6.4 locale-en_US sprite-en_US\"><\/div><div class=\"twoclick-js\"><script type=\"text\/javascript\">\/* <![CDATA[ *\/\njQuery(document).ready(function($){if($('.twoclick_social_bookmarks_post_45')){$('.twoclick_social_bookmarks_post_45').socialSharePrivacy({\"services\":{\"facebook\":{\"status\":\"on\",\"txt_info\":\"2 Klicks f\\u00fcr mehr Datenschutz: Erst wenn Sie hier klicken, wird der Button aktiv und Sie k\\u00f6nnen Ihre Empfehlung an Facebook senden. Schon beim Aktivieren werden Daten an Dritte \\u00fcbertragen - siehe <em>i<\\\/em>.\",\"perma_option\":\"off\",\"action\":\"recommend\",\"language\":\"en_US\"},\"twitter\":{\"reply_to\":\"\",\"tweet_text\":\"Imprint%20%C2%BB%20G-F-C\",\"status\":\"on\",\"txt_info\":\"2 Klicks f\\u00fcr mehr Datenschutz: Erst wenn Sie hier klicken, wird der Button aktiv und Sie k\\u00f6nnen Ihre Empfehlung an Twitter senden. Schon beim Aktivieren werden Daten an Dritte \\u00fcbertragen - siehe <em>i<\\\/em>.\",\"perma_option\":\"off\",\"language\":\"en\",\"referrer_track\":\"\"},\"xing\":{\"status\":\"on\",\"txt_info\":\"2 Klicks f\\u00fcr mehr Datenschutz: Erst wenn Sie hier klicken, wird der Button aktiv und Sie k\\u00f6nnen Ihre Empfehlung an Xing senden. Schon beim Aktivieren werden Daten an Dritte \\u00fcbertragen - siehe <em>i<\\\/em>.\",\"perma_option\":\"off\",\"language\":\"en\",\"referrer_track\":\"\"},\"linkedin\":{\"status\":\"on\",\"txt_info\":\"2 Klicks f\\u00fcr mehr Datenschutz: Erst wenn Sie hier klicken, wird der Button aktiv und Sie k\\u00f6nnen Ihre Empfehlung an LinkedIn senden. Schon beim Aktivieren werden Daten an Dritte \\u00fcbertragen - siehe <em>i<\\\/em>.\",\"perma_option\":\"off\"}},\"txt_help\":\"Wenn Sie diese Felder durch einen Klick aktivieren, werden Informationen an Facebook, Twitter, Flattr, Xing, t3n, LinkedIn, Pinterest oder Google eventuell ins Ausland \\u00fcbertragen und unter Umst\\u00e4nden auch dort gespeichert. N\\u00e4heres erfahren Sie durch einen Klick auf das <em>i<\\\/em>.\",\"settings_perma\":\"Dauerhaft aktivieren und Daten\\u00fcber-tragung zustimmen:\",\"info_link\":\"http:\\\/\\\/www.heise.de\\\/ct\\\/artikel\\\/2-Klicks-fuer-mehr-Datenschutz-1333879.html\",\"uri\":\"https:\\\/\\\/g-f-c.eu\\\/en\\\/farm-consulting-made-in-germany\\\/impressum\\\/\",\"post_id\":45,\"post_title_referrer_track\":\"Imprint\",\"display_infobox\":\"on\"});}});\n\/* ]]> *\/<\/script><\/div>","protected":false},"excerpt":{"rendered":"<p>This page is presented from: German Farm Consulting GmbH &amp; Co. KG M\u00fchlenberg 6 D-24857 Fahrdorf T +49 (0) 4621 36525 F +49 (0) 4621 37985 M +49 (0) 178 218 00 55 corporate form: GmbH &amp; Co. KG (Kommanditgesellschaft) Amtsgericht Flensburg: HRa 5236 FL Umsatzidentifikationsnummer: DE247933619 Pers\u00f6nlich haftende Gesellschafterin: Business Concepts Verwaltungs GmbH Informationen &hellip; <\/p>\n<p class=\"link-more\"><a href=\"https:\/\/g-f-c.eu\/en\/farm-consulting-made-in-germany\/impressum\/\" class=\"more-link\">Continue reading<span class=\"screen-reader-text\"> &#8220;Imprint&#8221;<\/span><\/a><\/p>\n","protected":false},"author":1,"featured_media":0,"parent":19,"menu_order":0,"comment_status":"closed","ping_status":"closed","template":"","meta":{"footnotes":""},"class_list":["post-45","page","type-page","status-publish","hentry"],"yoast_head":"<!-- This site is optimized with the Yoast SEO plugin v25.4 - https:\/\/yoast.com\/wordpress\/plugins\/seo\/ -->\n<title>Imprint - G-F-C<\/title>\n<meta name=\"robots\" content=\"index, follow, max-snippet:-1, max-image-preview:large, max-video-preview:-1\" \/>\n<link rel=\"canonical\" href=\"https:\/\/g-f-c.eu\/farm-consulting-made-in-germany\/impressum\/\" \/>\n<meta property=\"og:locale\" content=\"en_US\" \/>\n<meta property=\"og:type\" content=\"article\" \/>\n<meta property=\"og:title\" content=\"Imprint - G-F-C\" \/>\n<meta property=\"og:description\" content=\"This page is presented from: German Farm Consulting GmbH &amp; Co. KG M\u00fchlenberg 6 D-24857 Fahrdorf T +49 (0) 4621 36525 F +49 (0) 4621 37985 M +49 (0) 178 218 00 55 corporate form: GmbH &amp; Co. KG (Kommanditgesellschaft) Amtsgericht Flensburg: HRa 5236 FL Umsatzidentifikationsnummer: DE247933619 Pers\u00f6nlich haftende Gesellschafterin: Business Concepts Verwaltungs GmbH Informationen &hellip; Continue reading &quot;Imprint&quot;\" \/>\n<meta property=\"og:url\" content=\"https:\/\/g-f-c.eu\/farm-consulting-made-in-germany\/impressum\/\" \/>\n<meta property=\"og:site_name\" content=\"G-F-C\" \/>\n<meta property=\"article:modified_time\" content=\"2025-07-14T08:44:37+00:00\" \/>\n<meta name=\"twitter:card\" content=\"summary_large_image\" \/>\n<meta name=\"twitter:label1\" content=\"Est. reading time\" \/>\n\t<meta name=\"twitter:data1\" content=\"5 minutes\" \/>\n<script type=\"application\/ld+json\" class=\"yoast-schema-graph\">{\"@context\":\"https:\/\/schema.org\",\"@graph\":[{\"@type\":\"WebPage\",\"@id\":\"https:\/\/g-f-c.eu\/farm-consulting-made-in-germany\/impressum\/\",\"url\":\"https:\/\/g-f-c.eu\/farm-consulting-made-in-germany\/impressum\/\",\"name\":\"Imprint - G-F-C\",\"isPartOf\":{\"@id\":\"https:\/\/g-f-c.eu\/#website\"},\"datePublished\":\"2018-04-25T13:25:46+00:00\",\"dateModified\":\"2025-07-14T08:44:37+00:00\",\"breadcrumb\":{\"@id\":\"https:\/\/g-f-c.eu\/farm-consulting-made-in-germany\/impressum\/#breadcrumb\"},\"inLanguage\":\"en-US\",\"potentialAction\":[{\"@type\":\"ReadAction\",\"target\":[\"https:\/\/g-f-c.eu\/farm-consulting-made-in-germany\/impressum\/\"]}]},{\"@type\":\"BreadcrumbList\",\"@id\":\"https:\/\/g-f-c.eu\/farm-consulting-made-in-germany\/impressum\/#breadcrumb\",\"itemListElement\":[{\"@type\":\"ListItem\",\"position\":1,\"name\":\"Startseite\",\"item\":\"https:\/\/g-f-c.eu\/\"},{\"@type\":\"ListItem\",\"position\":2,\"name\":\"Farm consulting made in Germany\",\"item\":\"https:\/\/g-f-c.eu\/\"},{\"@type\":\"ListItem\",\"position\":3,\"name\":\"Impressum\"}]},{\"@type\":\"WebSite\",\"@id\":\"https:\/\/g-f-c.eu\/#website\",\"url\":\"https:\/\/g-f-c.eu\/\",\"name\":\"G-F-C\",\"description\":\"made in Germany\",\"publisher\":{\"@id\":\"https:\/\/g-f-c.eu\/#organization\"},\"potentialAction\":[{\"@type\":\"SearchAction\",\"target\":{\"@type\":\"EntryPoint\",\"urlTemplate\":\"https:\/\/g-f-c.eu\/?s={search_term_string}\"},\"query-input\":{\"@type\":\"PropertyValueSpecification\",\"valueRequired\":true,\"valueName\":\"search_term_string\"}}],\"inLanguage\":\"en-US\"},{\"@type\":\"Organization\",\"@id\":\"https:\/\/g-f-c.eu\/#organization\",\"name\":\"G-F-C\",\"url\":\"https:\/\/g-f-c.eu\/\",\"logo\":{\"@type\":\"ImageObject\",\"inLanguage\":\"en-US\",\"@id\":\"https:\/\/g-f-c.eu\/#\/schema\/logo\/image\/\",\"url\":\"https:\/\/g-f-c.eu\/wp-content\/uploads\/2018\/04\/cropped-GFC-Logo-2.png\",\"contentUrl\":\"https:\/\/g-f-c.eu\/wp-content\/uploads\/2018\/04\/cropped-GFC-Logo-2.png\",\"width\":1238,\"height\":250,\"caption\":\"G-F-C\"},\"image\":{\"@id\":\"https:\/\/g-f-c.eu\/#\/schema\/logo\/image\/\"}}]}<\/script>\n<!-- \/ Yoast SEO plugin. -->","yoast_head_json":{"title":"Imprint - G-F-C","robots":{"index":"index","follow":"follow","max-snippet":"max-snippet:-1","max-image-preview":"max-image-preview:large","max-video-preview":"max-video-preview:-1"},"canonical":"https:\/\/g-f-c.eu\/farm-consulting-made-in-germany\/impressum\/","og_locale":"en_US","og_type":"article","og_title":"Imprint - G-F-C","og_description":"This page is presented from: German Farm Consulting GmbH &amp; Co. KG M\u00fchlenberg 6 D-24857 Fahrdorf T +49 (0) 4621 36525 F +49 (0) 4621 37985 M +49 (0) 178 218 00 55 corporate form: GmbH &amp; Co. KG (Kommanditgesellschaft) Amtsgericht Flensburg: HRa 5236 FL Umsatzidentifikationsnummer: DE247933619 Pers\u00f6nlich haftende Gesellschafterin: Business Concepts Verwaltungs GmbH Informationen &hellip; Continue reading \"Imprint\"","og_url":"https:\/\/g-f-c.eu\/farm-consulting-made-in-germany\/impressum\/","og_site_name":"G-F-C","article_modified_time":"2025-07-14T08:44:37+00:00","twitter_card":"summary_large_image","twitter_misc":{"Est. reading time":"5 minutes"},"schema":{"@context":"https:\/\/schema.org","@graph":[{"@type":"WebPage","@id":"https:\/\/g-f-c.eu\/farm-consulting-made-in-germany\/impressum\/","url":"https:\/\/g-f-c.eu\/farm-consulting-made-in-germany\/impressum\/","name":"Imprint - G-F-C","isPartOf":{"@id":"https:\/\/g-f-c.eu\/#website"},"datePublished":"2018-04-25T13:25:46+00:00","dateModified":"2025-07-14T08:44:37+00:00","breadcrumb":{"@id":"https:\/\/g-f-c.eu\/farm-consulting-made-in-germany\/impressum\/#breadcrumb"},"inLanguage":"en-US","potentialAction":[{"@type":"ReadAction","target":["https:\/\/g-f-c.eu\/farm-consulting-made-in-germany\/impressum\/"]}]},{"@type":"BreadcrumbList","@id":"https:\/\/g-f-c.eu\/farm-consulting-made-in-germany\/impressum\/#breadcrumb","itemListElement":[{"@type":"ListItem","position":1,"name":"Startseite","item":"https:\/\/g-f-c.eu\/"},{"@type":"ListItem","position":2,"name":"Farm consulting made in Germany","item":"https:\/\/g-f-c.eu\/"},{"@type":"ListItem","position":3,"name":"Impressum"}]},{"@type":"WebSite","@id":"https:\/\/g-f-c.eu\/#website","url":"https:\/\/g-f-c.eu\/","name":"G-F-C","description":"made in Germany","publisher":{"@id":"https:\/\/g-f-c.eu\/#organization"},"potentialAction":[{"@type":"SearchAction","target":{"@type":"EntryPoint","urlTemplate":"https:\/\/g-f-c.eu\/?s={search_term_string}"},"query-input":{"@type":"PropertyValueSpecification","valueRequired":true,"valueName":"search_term_string"}}],"inLanguage":"en-US"},{"@type":"Organization","@id":"https:\/\/g-f-c.eu\/#organization","name":"G-F-C","url":"https:\/\/g-f-c.eu\/","logo":{"@type":"ImageObject","inLanguage":"en-US","@id":"https:\/\/g-f-c.eu\/#\/schema\/logo\/image\/","url":"https:\/\/g-f-c.eu\/wp-content\/uploads\/2018\/04\/cropped-GFC-Logo-2.png","contentUrl":"https:\/\/g-f-c.eu\/wp-content\/uploads\/2018\/04\/cropped-GFC-Logo-2.png","width":1238,"height":250,"caption":"G-F-C"},"image":{"@id":"https:\/\/g-f-c.eu\/#\/schema\/logo\/image\/"}}]}},"_links":{"self":[{"href":"https:\/\/g-f-c.eu\/en\/wp-json\/wp\/v2\/pages\/45","targetHints":{"allow":["GET"]}}],"collection":[{"href":"https:\/\/g-f-c.eu\/en\/wp-json\/wp\/v2\/pages"}],"about":[{"href":"https:\/\/g-f-c.eu\/en\/wp-json\/wp\/v2\/types\/page"}],"author":[{"embeddable":true,"href":"https:\/\/g-f-c.eu\/en\/wp-json\/wp\/v2\/users\/1"}],"replies":[{"embeddable":true,"href":"https:\/\/g-f-c.eu\/en\/wp-json\/wp\/v2\/comments?post=45"}],"version-history":[{"count":13,"href":"https:\/\/g-f-c.eu\/en\/wp-json\/wp\/v2\/pages\/45\/revisions"}],"predecessor-version":[{"id":580,"href":"https:\/\/g-f-c.eu\/en\/wp-json\/wp\/v2\/pages\/45\/revisions\/580"}],"up":[{"embeddable":true,"href":"https:\/\/g-f-c.eu\/en\/wp-json\/wp\/v2\/pages\/19"}],"wp:attachment":[{"href":"https:\/\/g-f-c.eu\/en\/wp-json\/wp\/v2\/media?parent=45"}],"curies":[{"name":"wp","href":"https:\/\/api.w.org\/{rel}","templated":true}]}}